{"id":9,"date":"2026-04-28T12:04:26","date_gmt":"2026-04-28T09:04:26","guid":{"rendered":"http:\/\/100latviesustasti.lv\/?page_id=9"},"modified":"2026-04-29T10:57:00","modified_gmt":"2026-04-29T07:57:00","slug":"cela-stasti","status":"publish","type":"page","link":"https:\/\/100latviesustasti.lv\/?page_id=9","title":{"rendered":"Ce\u013ca piez\u012bmes"},"content":{"rendered":"\n<p>Ce\u013cojuma dienasgr\u0101mata apk\u0101rt pasaulei \u2014 no Latvijas caur Eiropu, \u0100ziju un Ameriku un atpaka\u013c m\u0101j\u0101s.<\/p>\n\n\n<div class=\"_df_book df-lite\" id=\"df_194\"  _slug=\"194\" data-title=\"cela\" wpoptions=\"true\" thumb=\"http:\/\/100latviesustasti.lv\/wp-content\/uploads\/2021\/08\/IMG_1520-scaled.jpg\" thumbtype=\"\" ><\/div><script class=\"df-shortcode-script\" nowprocket type=\"application\/javascript\">window.option_df_194 = {\"outline\":[],\"viewerType\":\"flipbook\",\"autoEnableOutline\":\"false\",\"autoEnableThumbnail\":\"false\",\"overwritePDFOutline\":\"false\",\"direction\":\"1\",\"pageSize\":\"0\",\"source\":\"http:\\\/\\\/100latviesustasti.lv\\\/wp-content\\\/uploads\\\/2026\\\/04\\\/100_latviesu_stasti_cela_stasti.pdf\",\"wpOptions\":\"true\"}; if(window.DFLIP && window.DFLIP.parseBooks){window.DFLIP.parseBooks();}<\/script>\n\n\n\n<p><\/p>\n","protected":false},"excerpt":{"rendered":"<p>Ce\u013cojuma dienasgr\u0101mata apk\u0101rt pasaulei \u2014 no Latvijas caur Eiropu, \u0100ziju un Ameriku un atpaka\u013c m\u0101j\u0101s.<\/p>\n","protected":false},"author":1,"featured_media":0,"parent":0,"menu_order":0,"comment_status":"closed","ping_status":"closed","template":"","meta":{"footnotes":""},"class_list":["post-9","page","type-page","status-publish","hentry"],"_links":{"self":[{"href":"https:\/\/100latviesustasti.lv\/index.php?rest_route=\/wp\/v2\/pages\/9","targetHints":{"allow":["GET"]}}],"collection":[{"href":"https:\/\/100latviesustasti.lv\/index.php?rest_route=\/wp\/v2\/pages"}],"about":[{"href":"https:\/\/100latviesustasti.lv\/index.php?rest_route=\/wp\/v2\/types\/page"}],"author":[{"embeddable":true,"href":"https:\/\/100latviesustasti.lv\/index.php?rest_route=\/wp\/v2\/users\/1"}],"replies":[{"embeddable":true,"href":"https:\/\/100latviesustasti.lv\/index.php?rest_route=%2Fwp%2Fv2%2Fcomments&post=9"}],"version-history":[{"count":11,"href":"https:\/\/100latviesustasti.lv\/index.php?rest_route=\/wp\/v2\/pages\/9\/revisions"}],"predecessor-version":[{"id":221,"href":"https:\/\/100latviesustasti.lv\/index.php?rest_route=\/wp\/v2\/pages\/9\/revisions\/221"}],"wp:attachment":[{"href":"https:\/\/100latviesustasti.lv\/index.php?rest_route=%2Fwp%2Fv2%2Fmedia&parent=9"}],"curies":[{"name":"wp","href":"https:\/\/api.w.org\/{rel}","templated":true}]}}