{"id":15,"date":"2026-04-28T12:07:59","date_gmt":"2026-04-28T09:07:59","guid":{"rendered":"http:\/\/100latviesustasti.lv\/?page_id=15"},"modified":"2026-04-29T11:01:33","modified_gmt":"2026-04-29T08:01:33","slug":"mes","status":"publish","type":"page","link":"https:\/\/100latviesustasti.lv\/?page_id=15","title":{"rendered":"M\u0113s"},"content":{"rendered":"\n<p class=\"has-text-align-left\">2013. gad\u0101 divi draugi \u2014 \u0122irts Smelters un Kristaps J\u0113kabsons \u2014 dev\u0101s ce\u013c\u0101 apk\u0101rt pasaulei. Ideja bija vienk\u0101r\u0161a un reiz\u0113 mazliet traka: ce\u013cot ar p\u0113c iesp\u0113jas maz\u0101kiem l\u012bdzek\u013ciem, satikt latvie\u0161us da\u017e\u0101d\u0101s pasaules mal\u0101s un pierakst\u012bt vi\u0146u st\u0101stus.<\/p>\n\n\n\n<p class=\"has-text-align-left\">T\u0101 tapa projekts&nbsp;<strong>\u201c100 latvie\u0161u st\u0101sti\u201d<\/strong>&nbsp;\u2014 ce\u013cojums, kur\u0101 l\u012bdz\u0101s pa\u0161u piedz\u012bvojumiem, stop\u0113\u0161anai, nak\u0161\u0146o\u0161anai lidost\u0101s, pie sve\u0161iniekiem un zem klajas debess, galvenais bija cilv\u0113ki. Latvie\u0161i It\u0101lij\u0101, Grie\u0137ij\u0101, Turcij\u0101, \u0100zij\u0101, Amerik\u0101 un citur. Katrs ar savu ce\u013cu, savu izv\u0113li, sav\u0101m ilg\u0101m p\u0113c m\u0101j\u0101m vai tie\u0161i otr\u0101di \u2014 savu atrasto vietu pasaul\u0113.<\/p>\n\n\n\n<p class=\"has-text-align-left\">\u0160\u012b vietne ir digit\u0101la laika kapsula. Te apkopoti divi arh\u012bvi:&nbsp;<strong>Ce\u013ca st\u0101sti<\/strong>&nbsp;\u2014 piez\u012bmes par pa\u0161u ce\u013cojumu, un&nbsp;<strong>Latvie\u0161u st\u0101sti<\/strong>\u2014 sarunas ar satiktajiem cilv\u0113kiem.<\/p>\n\n\n\n<p class=\"has-text-align-left\">Teksti saglab\u0101ti k\u0101 liec\u012bba par konkr\u0113tu laiku, ce\u013cojumu un saj\u016btu. Tajos ir t\u0101 br\u012b\u017ea valoda, skat\u012bjums, naivums, drosme, humors un nogurums. Jauni ieraksti \u0161eit netiks pievienoti \u2014 \u0161is ir arh\u012bvs par vienu dz\u012bves posmu, kur\u0101 pasaule \u0161\u0137ita liela, bet latvie\u0161i bija atrodami visur. Cerams, ka \u0161is kalpos ne tikai par izklaidi vai laika \u012bsin\u0101\u0161anas veidu, bet ar\u012b par iedvesmu &#8211; \u0146emt un dar\u012bt.<\/p>\n\n\n\n<p class=\"has-text-align-left\"><strong>Un k\u0101ds b\u016bs tavs st\u0101sts?<\/strong><\/p>\n\n\n\n<p><\/p>\n\n\n\n<p class=\"has-text-align-left\">Ieteikumiem, koment\u0101riem, rekomend\u0101cij\u0101m un citai sazi\u0146ai l\u016bdzam rakst\u012bt <a href=\"mailto:100latviesustasti@gmail.com\">e-pastu<\/a>.<\/p>\n","protected":false},"excerpt":{"rendered":"<p>2013. gad\u0101 divi draugi \u2014 \u0122irts Smelters un Kristaps J\u0113kabsons \u2014 dev\u0101s ce\u013c\u0101 apk\u0101rt pasaulei. Ideja bija vienk\u0101r\u0161a un reiz\u0113 mazliet traka: ce\u013cot ar p\u0113c iesp\u0113jas maz\u0101kiem l\u012bdzek\u013ciem, satikt latvie\u0161us da\u017e\u0101d\u0101s pasaules mal\u0101s un pierakst\u012bt vi\u0146u st\u0101stus. T\u0101 tapa projekts&nbsp;\u201c100 latvie\u0161u st\u0101sti\u201d&nbsp;\u2014 ce\u013cojums, kur\u0101 l\u012bdz\u0101s pa\u0161u piedz\u012bvojumiem, stop\u0113\u0161anai, nak\u0161\u0146o\u0161anai lidost\u0101s, pie sve\u0161iniekiem un zem klajas [&hellip;]<\/p>\n","protected":false},"author":1,"featured_media":0,"parent":0,"menu_order":0,"comment_status":"closed","ping_status":"closed","template":"","meta":{"footnotes":""},"class_list":["post-15","page","type-page","status-publish","hentry"],"_links":{"self":[{"href":"https:\/\/100latviesustasti.lv\/index.php?rest_route=\/wp\/v2\/pages\/15","targetHints":{"allow":["GET"]}}],"collection":[{"href":"https:\/\/100latviesustasti.lv\/index.php?rest_route=\/wp\/v2\/pages"}],"about":[{"href":"https:\/\/100latviesustasti.lv\/index.php?rest_route=\/wp\/v2\/types\/page"}],"author":[{"embeddable":true,"href":"https:\/\/100latviesustasti.lv\/index.php?rest_route=\/wp\/v2\/users\/1"}],"replies":[{"embeddable":true,"href":"https:\/\/100latviesustasti.lv\/index.php?rest_route=%2Fwp%2Fv2%2Fcomments&post=15"}],"version-history":[{"count":9,"href":"https:\/\/100latviesustasti.lv\/index.php?rest_route=\/wp\/v2\/pages\/15\/revisions"}],"predecessor-version":[{"id":225,"href":"https:\/\/100latviesustasti.lv\/index.php?rest_route=\/wp\/v2\/pages\/15\/revisions\/225"}],"wp:attachment":[{"href":"https:\/\/100latviesustasti.lv\/index.php?rest_route=%2Fwp%2Fv2%2Fmedia&parent=15"}],"curies":[{"name":"wp","href":"https:\/\/api.w.org\/{rel}","templated":true}]}}