{"id":13,"date":"2026-04-28T12:06:00","date_gmt":"2026-04-28T09:06:00","guid":{"rendered":"http:\/\/100latviesustasti.lv\/?page_id=13"},"modified":"2026-04-29T10:38:29","modified_gmt":"2026-04-29T07:38:29","slug":"latviesu-stasti","status":"publish","type":"page","link":"https:\/\/100latviesustasti.lv\/?page_id=13","title":{"rendered":"Latvie\u0161u st\u0101sti"},"content":{"rendered":"\n<p>Sarunas ar latvie\u0161iem pasaul\u0113 \u2014 par aizbrauk\u0161anu, pieder\u012bbu, darbu, m\u012blest\u012bbu, valodu, sakn\u0113m un m\u0101ju saj\u016btu.<\/p>\n\n\n<div class=\"_df_book df-lite\" id=\"df_199\"  _slug=\"latviesi\" data-title=\"latviesi\" wpoptions=\"true\" thumb=\"http:\/\/100latviesustasti.lv\/wp-content\/uploads\/2021\/08\/IMG_1520-scaled.jpg\" thumbtype=\"\" ><\/div><script class=\"df-shortcode-script\" nowprocket type=\"application\/javascript\">window.option_df_199 = {\"outline\":[],\"viewerType\":\"flipbook\",\"autoEnableOutline\":\"false\",\"autoEnableThumbnail\":\"false\",\"overwritePDFOutline\":\"false\",\"direction\":\"1\",\"pageSize\":\"0\",\"source\":\"http:\\\/\\\/100latviesustasti.lv\\\/wp-content\\\/uploads\\\/2026\\\/04\\\/100_latviesu_stasti_latviesu_stasti.pdf\",\"wpOptions\":\"true\"}; if(window.DFLIP && window.DFLIP.parseBooks){window.DFLIP.parseBooks();}<\/script>\n","protected":false},"excerpt":{"rendered":"<p>Sarunas ar latvie\u0161iem pasaul\u0113 \u2014 par aizbrauk\u0161anu, pieder\u012bbu, darbu, m\u012blest\u012bbu, valodu, sakn\u0113m un m\u0101ju saj\u016btu.<\/p>\n","protected":false},"author":1,"featured_media":0,"parent":0,"menu_order":0,"comment_status":"closed","ping_status":"closed","template":"","meta":{"footnotes":""},"class_list":["post-13","page","type-page","status-publish","hentry"],"_links":{"self":[{"href":"https:\/\/100latviesustasti.lv\/index.php?rest_route=\/wp\/v2\/pages\/13","targetHints":{"allow":["GET"]}}],"collection":[{"href":"https:\/\/100latviesustasti.lv\/index.php?rest_route=\/wp\/v2\/pages"}],"about":[{"href":"https:\/\/100latviesustasti.lv\/index.php?rest_route=\/wp\/v2\/types\/page"}],"author":[{"embeddable":true,"href":"https:\/\/100latviesustasti.lv\/index.php?rest_route=\/wp\/v2\/users\/1"}],"replies":[{"embeddable":true,"href":"https:\/\/100latviesustasti.lv\/index.php?rest_route=%2Fwp%2Fv2%2Fcomments&post=13"}],"version-history":[{"count":3,"href":"https:\/\/100latviesustasti.lv\/index.php?rest_route=\/wp\/v2\/pages\/13\/revisions"}],"predecessor-version":[{"id":202,"href":"https:\/\/100latviesustasti.lv\/index.php?rest_route=\/wp\/v2\/pages\/13\/revisions\/202"}],"wp:attachment":[{"href":"https:\/\/100latviesustasti.lv\/index.php?rest_route=%2Fwp%2Fv2%2Fmedia&parent=13"}],"curies":[{"name":"wp","href":"https:\/\/api.w.org\/{rel}","templated":true}]}}